{"id":1421,"date":"2025-09-24T20:41:02","date_gmt":"2025-09-24T20:41:02","guid":{"rendered":"https:\/\/solymarroofing.com\/?page_id=1421"},"modified":"2025-09-26T18:39:40","modified_gmt":"2025-09-26T18:39:40","slug":"instalacion-de-gutter-screens","status":"publish","type":"page","link":"https:\/\/solymarroofing.com\/en\/instalacion-de-gutter-screens\/","title":{"rendered":"Installation of Gutter Screens"},"content":{"rendered":"<div data-elementor-type=\"wp-page\" data-elementor-id=\"1421\" class=\"elementor elementor-1421\">\n\t\t\t\t\t\t<section class=\"elementor-section elementor-top-section elementor-element elementor-element-ce6fd34 elementor-section-full_width elementor-section-height-default elementor-section-height-default\" data-id=\"ce6fd34\" data-element_type=\"section\" data-e-type=\"section\">\n\t\t\t\t\t\t<div class=\"elementor-container elementor-column-gap-default\">\n\t\t\t\t\t<div class=\"elementor-column elementor-col-100 elementor-top-column elementor-element elementor-element-1d1f5c5\" data-id=\"1d1f5c5\" data-element_type=\"column\" data-e-type=\"column\">\n\t\t\t<div class=\"elementor-widget-wrap elementor-element-populated\">\n\t\t\t\t\t\t<div class=\"elementor-element elementor-element-78a16de elementor-widget elementor-widget-roonix_service_details\" data-id=\"78a16de\" data-element_type=\"widget\" data-e-type=\"widget\" data-widget_type=\"roonix_service_details.default\">\n\t\t\t\t<div class=\"elementor-widget-container\">\n\t\t\t\t\t    \r\n    <section class=\"service-detail-section\">\r\n        <div class=\"auto-container\">\r\n                        <div class=\"image\">\r\n                <img decoding=\"async\" src=\"https:\/\/solymarroofing.com\/wp-content\/uploads\/2025\/09\/1.png\" alt=\"Awesome Image\" \/>\r\n            <\/div>\r\n                        <div class=\"lower-content\">\r\n                <h3>Installation of Gutter Screens<\/h3>                At <b>SolyMar Roofing LLC<\/b> we offer the <b>installation of Gutter Screens<\/b>, the ideal solution to protect your gutters from leaves and debris, reducing the need for maintenance.\n<br><br>\n<b>Benefits:<\/b>\n<ul>\n  <li>- Prevention of obstructions and garbage accumulation.<\/li>\n  <li>- Less need for frequent cleaning.<\/li>\n  <li>- Increased durability of the gutters system.<\/li>\n  <li>- Protection against leaks and humidity.<\/li>\n<\/ul>\n<br>\n<b>Additional advantages:<\/b>\n<ul>\n  <li>- Free inspection and personalized advice.<\/li>\n  <li>- Professional and fast installation.<\/li>\n  <li>- Resistant and long-lasting materials.<\/li>\n  <li>- Attention in English and Spanish.<\/li>\n<\/ul>\n<br>\n<b>\ud83d\udcde Call today 813-330-7668<\/b>\n                                                \r\n\t\t\t\t                \r\n                                <div class=\"row clearfix\">\r\n                                        <!-- Brochure Column -->\r\n                    <div class=\"brochure-column col-lg-6 col-md-12 col-sm-12\">\r\n                        <div class=\"column-inner wow fadeInLeft\" data-wow-delay=\"0ms\" data-wow-duration=\"1500ms\">\r\n                            <div class=\"content\">\r\n                                                                <span class=\"icon\">\r\n                                    <img decoding=\"async\" src=\"https:\/\/solymarroofing.com\/wp-content\/uploads\/2022\/06\/pdf-1.png\" alt=\"Awesome Image\" \/>\r\n                                <\/span>\r\n                                                                                                                                \r\n\t\t\t\t\t\t\t\t                                \r\n                            <\/div>\r\n                        <\/div>\r\n                    <\/div>\r\n                                    <\/div>\r\n            <\/div>\r\n        <\/div>\r\n    <\/section>\r\n \r\n    \t\t\t\t<\/div>\n\t\t\t\t<\/div>\n\t\t\t\t\t<\/div>\n\t\t<\/div>\n\t\t\t\t\t<\/div>\n\t\t<\/section>\n\t\t\t\t<section class=\"elementor-section elementor-top-section elementor-element elementor-element-b38415c elementor-section-full_width elementor-section-height-default elementor-section-height-default\" data-id=\"b38415c\" data-element_type=\"section\" data-e-type=\"section\">\n\t\t\t\t\t\t<div class=\"elementor-container elementor-column-gap-default\">\n\t\t\t\t\t<div class=\"elementor-column elementor-col-100 elementor-top-column elementor-element elementor-element-7133b47\" data-id=\"7133b47\" data-element_type=\"column\" data-e-type=\"column\">\n\t\t\t<div class=\"elementor-widget-wrap elementor-element-populated\">\n\t\t\t\t\t\t<div class=\"elementor-element elementor-element-ab0b40d elementor-widget elementor-widget-roonix_appointment_form\" data-id=\"ab0b40d\" data-element_type=\"widget\" data-e-type=\"widget\" data-widget_type=\"roonix_appointment_form.default\">\n\t\t\t\t<div class=\"elementor-widget-container\">\n\t\t\t\t\t    \r\n    <section class=\"booking-section\" style=\"background-image: url(https:\/\/solymarroofing.com\/wp-content\/uploads\/2022\/05\/9.png)\">\r\n        <div class=\"color-layer\" style=\"background-image: url(https:\/\/solymarroofing.com\/wp-content\/uploads\/2022\/05\/8.png)\"><\/div>        <div class=\"auto-container\">\r\n            <div class=\"inner-container wow fadeInUp\" data-wow-delay=\"0ms\" data-wow-duration=\"1500ms\">\r\n                                <!-- Sec Title -->\r\n                <div class=\"sec-title centered\">\r\n                    <div class=\"title\">BOOK APPOINTMENT<\/div>                    <h2>Request roof inspection<\/h2>                <\/div>\r\n                                \r\n\t\t\t\t                <!-- Default Form \/ Style Two -->\r\n                <div class=\"default-form style-two\">\r\n                \t\n<div class=\"wpcf7 no-js\" id=\"wpcf7-f144-o1\" lang=\"en-US\" dir=\"ltr\" data-wpcf7-id=\"144\">\n<div class=\"screen-reader-response\"><p role=\"status\" aria-live=\"polite\" aria-atomic=\"true\"><\/p> <ul><\/ul><\/div>\n<form action=\"\/en\/wp-json\/wp\/v2\/pages\/1421#wpcf7-f144-o1\" method=\"post\" class=\"wpcf7-form init\" aria-label=\"Contact form\" novalidate=\"novalidate\" data-status=\"init\" data-trp-original-action=\"\/en\/wp-json\/wp\/v2\/pages\/1421#wpcf7-f144-o1\">\n<fieldset class=\"hidden-fields-container\"><input type=\"hidden\" name=\"_wpcf7\" value=\"144\" \/><input type=\"hidden\" name=\"_wpcf7_version\" value=\"6.1.5\" \/><input type=\"hidden\" name=\"_wpcf7_locale\" value=\"en_US\" \/><input type=\"hidden\" name=\"_wpcf7_unit_tag\" value=\"wpcf7-f144-o1\" \/><input type=\"hidden\" name=\"_wpcf7_container_post\" value=\"0\" \/><input type=\"hidden\" name=\"_wpcf7_posted_data_hash\" value=\"\" \/>\n<\/fieldset>\n<div class=\"row clearfix\">\n\t<div class=\"col-lg-6 col-md-6 col-sm-12 form-group\">\n\t\t<p><span class=\"wpcf7-form-control-wrap\" data-name=\"text-311\"><input size=\"40\" maxlength=\"400\" class=\"wpcf7-form-control wpcf7-text wpcf7-validates-as-required\" aria-required=\"true\" aria-invalid=\"false\" placeholder=\"Enter your name\" value=\"\" type=\"text\" name=\"text-311\" \/><\/span>\n\t\t<\/p>\n\t<\/div>\n\t<div class=\"col-lg-6 col-md-6 col-sm-12 form-group\">\n\t\t<p><span class=\"wpcf7-form-control-wrap\" data-name=\"text-312\"><input size=\"40\" maxlength=\"400\" class=\"wpcf7-form-control wpcf7-text wpcf7-validates-as-required\" aria-required=\"true\" aria-invalid=\"false\" placeholder=\"Address\" value=\"\" type=\"text\" name=\"text-312\" \/><\/span>\n\t\t<\/p>\n\t<\/div>\n\t<div class=\"col-lg-6 col-md-6 col-sm-12 form-group\">\n\t\t<p><span class=\"wpcf7-form-control-wrap\" data-name=\"email-568\"><input size=\"40\" maxlength=\"400\" class=\"wpcf7-form-control wpcf7-email wpcf7-validates-as-required wpcf7-text wpcf7-validates-as-email\" aria-required=\"true\" aria-invalid=\"false\" placeholder=\"Email\" value=\"\" type=\"email\" name=\"email-568\" \/><\/span>\n\t\t<\/p>\n\t<\/div>\n\t<div class=\"col-lg-6 col-md-6 col-sm-12 form-group\">\n\t\t<p><span class=\"wpcf7-form-control-wrap\" data-name=\"tel-314\"><input size=\"40\" maxlength=\"10\" minlength=\"10\" class=\"wpcf7-form-control wpcf7-tel wpcf7-validates-as-required wpcf7-text wpcf7-validates-as-tel phone-field\" aria-required=\"true\" aria-invalid=\"false\" placeholder=\"Phone\" value=\"\" type=\"tel\" name=\"tel-314\" \/><\/span>\n\t\t<\/p>\n\t<\/div>\n\t<div class=\"col-lg-12 col-md-12 col-sm-12 form-group\">\n\t\t<p><span class=\"wpcf7-form-control-wrap\" data-name=\"textarea-908\"><textarea cols=\"40\" rows=\"10\" maxlength=\"2000\" class=\"wpcf7-form-control wpcf7-textarea wpcf7-validates-as-required\" aria-required=\"true\" aria-invalid=\"false\" placeholder=\"Write your message\" name=\"textarea-908\"><\/textarea><\/span>\n\t\t<\/p>\n\t<\/div>\n\t<div class=\"col-lg-12 col-md-12 col-sm-12 form-group\">\n\t\t<p><span class=\"wpcf7-form-control-wrap\" data-name=\"acceptance-457\"><span class=\"wpcf7-form-control wpcf7-acceptance\"><span class=\"wpcf7-list-item\"><label><input type=\"checkbox\" name=\"acceptance-457\" value=\"1\" aria-invalid=\"false\" \/><span class=\"wpcf7-list-item-label\">By submitting this form, you authorize <b>SolyMar Roofing LLC<\/b> to contact you by phone, email, or text message to provide you with information related to your project. \n    We will never share your personal information with third parties for marketing purposes. \n    See our <a href=\"\/en\/terminos-y-condiciones\/\" target=\"_blank\">Terms and Conditions<\/a> and <a href=\"\/en\/politica-de-privacidad\/\" target=\"_blank\">Privacy Policy<\/a>.<\/span><\/label><\/span><\/span><\/span>\n\t\t<\/p>\n\t<\/div>\n\t<div class=\"col-lg-12 col-md-12 col-sm-12 form-group text-center mb-0\">\n\t\t<p><input class=\"wpcf7-form-control wpcf7-submit has-spinner theme-btn btn-style-two\" type=\"submit\" value=\"SEND NOW\" \/>\n\t\t<\/p>\n\t<\/div>\n<\/div><div class=\"wpcf7-response-output\" aria-hidden=\"true\"><\/div>\n<input type=\"hidden\" name=\"trp-form-language\" value=\"en\"\/><\/form>\n<\/div>\n                <\/div>\r\n                <!-- End Default Form -->\r\n                            <\/div>\r\n        <\/div>\r\n    <\/section>\r\n \r\n    \t\t\t\t<\/div>\n\t\t\t\t<\/div>\n\t\t\t\t\t<\/div>\n\t\t<\/div>\n\t\t\t\t\t<\/div>\n\t\t<\/section>\n\t\t\t\t<section class=\"elementor-section elementor-top-section elementor-element elementor-element-50ee560 elementor-section-full_width elementor-section-height-default elementor-section-height-default\" data-id=\"50ee560\" data-element_type=\"section\" data-e-type=\"section\">\n\t\t\t\t\t\t<div class=\"elementor-container elementor-column-gap-default\">\n\t\t\t\t\t<div class=\"elementor-column elementor-col-100 elementor-top-column elementor-element elementor-element-82f1a79\" data-id=\"82f1a79\" data-element_type=\"column\" data-e-type=\"column\">\n\t\t\t<div class=\"elementor-widget-wrap elementor-element-populated\">\n\t\t\t\t\t\t<div class=\"elementor-element elementor-element-53fcd90 elementor-widget elementor-widget-roonix_contact_info\" data-id=\"53fcd90\" data-element_type=\"widget\" data-e-type=\"widget\" data-widget_type=\"roonix_contact_info.default\">\n\t\t\t\t<div class=\"elementor-widget-container\">\n\t\t\t\t\t    \r\n    <section class=\"contact-info-section-two\">\r\n        <div class=\"auto-container\">\r\n            <div class=\"row clearfix\">\r\n                                <!-- Info Block -->\r\n                <div class=\"info-block col-lg-4 col-md-6 col-sm-12\">\r\n                    <div class=\"inner-box\">\r\n                                                <div class=\"icon-outer\">\r\n                            <div class=\"icon flaticon-telephone\"><\/div>\r\n                        <\/div>\r\n                                                <h4>Telephone number<\/h4>                        <div class=\"text\"><a href=\"tel:+1813-330-7668\">813-330-7668<\/a><br>\n\n(Spanish spoken as well)\n<\/div>                    <\/div>\r\n                <\/div>\r\n                                <!-- Info Block -->\r\n                <div class=\"info-block col-lg-4 col-md-6 col-sm-12\">\r\n                    <div class=\"inner-box\">\r\n                                                <div class=\"icon-outer\">\r\n                            <div class=\"icon flaticon-email-1\"><\/div>\r\n                        <\/div>\r\n                                                <h4>Email<\/h4>                        <div class=\"text\"><a href=\"mailto:solymarroofingllc@gmail.com\">solymarroofingllc@gmail.com<\/a><br>\n<\/div>                    <\/div>\r\n                <\/div>\r\n                                <!-- Info Block -->\r\n                <div class=\"info-block col-lg-4 col-md-6 col-sm-12\">\r\n                    <div class=\"inner-box\">\r\n                                                <div class=\"icon-outer\">\r\n                            <div class=\"icon flaticon-map\"><\/div>\r\n                        <\/div>\r\n                                                <h4>Address<\/h4>                        <div class=\"text\">8009 Menard St Riverview<br> fl 33578<\/div>                    <\/div>\r\n                <\/div>\r\n                            <\/div>\r\n            <!-- Form Box -->\r\n            <div class=\"form-box\">\r\n                                <!-- Contact Form -->\r\n                <div class=\"contact-form\">\r\n                    <div id=\"contact-form\">\r\n                                            <\/div>\r\n                <\/div>\r\n                <!-- End Contact Form -->\r\n            <\/div>\r\n        <\/div>\r\n\t<\/section>\r\n \r\n    \t\t\t\t<\/div>\n\t\t\t\t<\/div>\n\t\t\t\t\t<\/div>\n\t\t<\/div>\n\t\t\t\t\t<\/div>\n\t\t<\/section>\n\t\t\t\t<\/div>","protected":false},"excerpt":{"rendered":"<p>Instalaci\u00f3n de Gutter Screens En SolyMar Roofing LLC ofrecemos la instalaci\u00f3n de Gutter Screens, la soluci\u00f3n ideal para proteger tus canales de hojas y escombros, reduciendo la necesidad de mantenimiento. Beneficios: &#8211; Prevenci\u00f3n de obstrucciones y acumulaci\u00f3n de basura. &#8211; Menor necesidad de limpiezas frecuentes. &#8211; Mayor durabilidad del sistema de gutters. &#8211; Protecci\u00f3n contra [&hellip;]<\/p>\n","protected":false},"author":1,"featured_media":0,"parent":0,"menu_order":0,"comment_status":"closed","ping_status":"closed","template":"tpl-default-elementor.php","meta":{"footnotes":""},"class_list":["post-1421","page","type-page","status-publish","hentry"],"_links":{"self":[{"href":"https:\/\/solymarroofing.com\/en\/wp-json\/wp\/v2\/pages\/1421","targetHints":{"allow":["GET"]}}],"collection":[{"href":"https:\/\/solymarroofing.com\/en\/wp-json\/wp\/v2\/pages"}],"about":[{"href":"https:\/\/solymarroofing.com\/en\/wp-json\/wp\/v2\/types\/page"}],"author":[{"embeddable":true,"href":"https:\/\/solymarroofing.com\/en\/wp-json\/wp\/v2\/users\/1"}],"replies":[{"embeddable":true,"href":"https:\/\/solymarroofing.com\/en\/wp-json\/wp\/v2\/comments?post=1421"}],"version-history":[{"count":10,"href":"https:\/\/solymarroofing.com\/en\/wp-json\/wp\/v2\/pages\/1421\/revisions"}],"predecessor-version":[{"id":1978,"href":"https:\/\/solymarroofing.com\/en\/wp-json\/wp\/v2\/pages\/1421\/revisions\/1978"}],"wp:attachment":[{"href":"https:\/\/solymarroofing.com\/en\/wp-json\/wp\/v2\/media?parent=1421"}],"curies":[{"name":"wp","href":"https:\/\/api.w.org\/{rel}","templated":true}]}}