{"id":22,"date":"2022-05-30T11:41:38","date_gmt":"2022-05-30T11:41:38","guid":{"rendered":"https:\/\/themexriver.com\/wp\/roonix\/?page_id=22"},"modified":"2026-03-16T19:40:03","modified_gmt":"2026-03-16T19:40:03","slug":"about-us","status":"publish","type":"page","link":"https:\/\/solymarroofing.com\/en\/about-us\/","title":{"rendered":"Our Company"},"content":{"rendered":"<div data-elementor-type=\"wp-page\" data-elementor-id=\"22\" class=\"elementor elementor-22\">\n\t\t\t\t\t\t<section class=\"elementor-section elementor-top-section elementor-element elementor-element-da258b5 elementor-section-full_width elementor-section-height-default elementor-section-height-default\" data-id=\"da258b5\" data-element_type=\"section\" data-e-type=\"section\">\n\t\t\t\t\t\t<div class=\"elementor-container elementor-column-gap-default\">\n\t\t\t\t\t<div class=\"elementor-column elementor-col-100 elementor-top-column elementor-element elementor-element-36b1ad6\" data-id=\"36b1ad6\" data-element_type=\"column\" data-e-type=\"column\">\n\t\t\t<div class=\"elementor-widget-wrap elementor-element-populated\">\n\t\t\t\t\t\t<div class=\"elementor-element elementor-element-bb024f4 elementor-widget elementor-widget-roonix_about_us_v3\" data-id=\"bb024f4\" data-element_type=\"widget\" data-e-type=\"widget\" data-widget_type=\"roonix_about_us_v3.default\">\n\t\t\t\t<div class=\"elementor-widget-container\">\n\t\t\t\t\t    \r\n    <section class=\"about-section-two style-two\">\r\n                <div class=\"auto-container\">\r\n            <div class=\"row clearfix\">\r\n                \r\n                <!-- Image Column -->\r\n                <div class=\"image-column col-lg-6 col-md-12 col-sm-12\">\r\n                    <div class=\"inner-column wow fadeInLeft\" data-wow-delay=\"0ms\" data-wow-duration=\"1500ms\">\r\n                        <div class=\"image\">\r\n                            <img decoding=\"async\" src=\"https:\/\/solymarroofing.com\/wp-content\/uploads\/2026\/03\/WhatsApp-Image-2026-03-16-at-1.11.30-PM.jpeg\" alt=\"Awesome Image\" \/>                            <div class=\"experience-box\" style=\"background-image: url(https:\/\/solymarroofing.com\/wp-content\/uploads\/2022\/05\/19.png)\">\r\n                                <div class=\"counter\"><span class=\"odometer\" data-count=\"Clientes\"><\/span><\/div>                                <div class=\"text\">Satifechos<\/div>                            <\/div>\r\n                        <\/div>\r\n                    <\/div>\r\n                <\/div>\r\n                \r\n                <!-- Content Column -->\r\n                <div class=\"content-column col-lg-6 col-md-12 col-sm-12\">\r\n                    <div class=\"inner-column wow fadeInRight\" data-wow-delay=\"0ms\" data-wow-duration=\"1500ms\">\r\n                                                <!-- Sec Title -->\r\n                        <div class=\"sec-title\">\r\n                            <div class=\"title\">ABOUT THE COMPANY<\/div>                            <h2>Roofing Experts<\/h2>                            <div class=\"text\"><section class=\"about-solymar\">\n  <p>\n    At <b>SolyMar Roofing LLC<\/b> We believe that a roof not only protects a property, but also everything you value most within it. We are a roofing company proudly established in <b>Florida<\/b> and run as a family business, dedicated to offering <b>high-quality solutions<\/b> that withstand the intense sun, tropical rains, and hurricanes that characterize our region.\n  <\/p>\n\n  <p>\n    Our team is made up of professionals with <b>years of experience<\/b> in \n    installation, repair, and maintenance of residential and commercial roofs. \n    We specialize in modern and efficient systems that not only provide safety, \n    but also help improve the <b>energy efficiency<\/b> from your home or business.\n  <\/p>\n\n  <p>\n    As a family business, we understand the importance of <b>confidence<\/b> and the \n    <b>close relationship<\/b>. That's why we focus on honesty, transparency, \n    and commitment to each client, offering <b>clear budgets<\/b>, \n    <b>top-quality materials<\/b> and a <b>guaranteed service<\/b>.\n  <\/p>\n\n  <p>\n    At <b>SolyMar Roofing LLC<\/b> We work passionately to ensure that each project is \n    a reflection of our commitment: <b>Strong, durable roofs made for \n    the Florida climate<\/b>.\n  <\/p>\n<\/section>\n<\/div>                        <\/div>\r\n                                                <div class=\"row clearfix\">\r\n                                                        <!-- Info Column -->\r\n                            <div class=\"info-column col-lg-6 col-md-6 col-sm-12\">\r\n                                <div class=\"column-inner\">\r\n                                    <div class=\"icon icon flaticon-envelope\"><\/div>                                    <h4>solymarroofingllc@gmail.com  <\/h4>                                    <div class=\"text\">Please contact us for quotes and inspections.<\/div>                                <\/div>\r\n                            <\/div>\r\n                                                        <!-- Info Column -->\r\n                            <div class=\"info-column col-lg-6 col-md-6 col-sm-12\">\r\n                                <div class=\"column-inner\">\r\n                                    <div class=\"icon icon flaticon-phone\"><\/div>                                    <h4>(813) 330-7668<\/h4>                                    <div class=\"text\">Calls and WhatsApp<\/div>                                <\/div>\r\n                            <\/div>\r\n                                                    <\/div>\r\n                    <\/div>\r\n                <\/div>\r\n                \r\n            <\/div>\r\n        <\/div>\r\n    <\/section>\r\n  \r\n    \t\t\t\t<\/div>\n\t\t\t\t<\/div>\n\t\t\t\t\t<\/div>\n\t\t<\/div>\n\t\t\t\t\t<\/div>\n\t\t<\/section>\n\t\t\t\t<section class=\"elementor-section elementor-top-section elementor-element elementor-element-3752c34 elementor-section-full_width elementor-section-height-default elementor-section-height-default\" data-id=\"3752c34\" data-element_type=\"section\" data-e-type=\"section\">\n\t\t\t\t\t\t<div class=\"elementor-container elementor-column-gap-default\">\n\t\t\t\t\t<div class=\"elementor-column elementor-col-100 elementor-top-column elementor-element elementor-element-f5865e8\" data-id=\"f5865e8\" data-element_type=\"column\" data-e-type=\"column\">\n\t\t\t<div class=\"elementor-widget-wrap elementor-element-populated\">\n\t\t\t\t\t\t<div class=\"elementor-element elementor-element-1f91ebb elementor-widget elementor-widget-roonix_about_us_v1\" data-id=\"1f91ebb\" data-element_type=\"widget\" data-e-type=\"widget\" data-widget_type=\"roonix_about_us_v1.default\">\n\t\t\t\t<div class=\"elementor-widget-container\">\n\t\t\t\t\t    \r\n    <section class=\"fluid-section-three\">\r\n        <div class=\"map-pattern\" style=\"background-image: url(https:\/\/solymarroofing.com\/wp-content\/uploads\/2022\/05\/18.png)\"><\/div>        <div class=\"outer-container  d-flex justify-content-between align-items-center clearfix\">\r\n            \r\n            <!-- Left Column -->\r\n            <div class=\"left-column\" style=\"background-image: url(https:\/\/solymarroofing.com\/wp-content\/uploads\/2025\/09\/IMG-20240605-WA0175.jpg)\">\r\n                <div class=\"inner-column\">\r\n                                        <!-- Sec Title -->\r\n                    <div class=\"sec-title light\">\r\n                        <div class=\"title\">Our Mission<\/div>                        <h2>Committed to Protecting Your Home in Florida<\/h2>                        <div class=\"text\">At SolyMar Roofing LLC, we work with the firm intention of offering roofs that are resistant, durable, and adapted to the Florida climate.\nWe strive every day to protect families and businesses through the highest quality installation, repair, and maintenance services.\nOur mission is to provide confidence, security, and peace of mind to each customer, always accompanied by honesty, commitment, and excellence.<\/div>                    <\/div>\r\n                                                            <div class=\"button-box\">\r\n                        <a href=\"https:\/\/solymarroofing.com\/en\/contact-us\/\" class=\"theme-btn btn-style-one clearfix\">\r\n                            <span class=\"btn-wrap\">\r\n                                <span class=\"text-one\">Request your free inspection<\/span>\r\n                                <span class=\"text-two\">Request your free inspection<\/span>\r\n                            <\/span>\r\n                        <\/a>\r\n                    <\/div>\r\n                                    <\/div>\r\n            <\/div>\r\n            \r\n            <!-- Right Column -->\r\n            <div class=\"right-column\">\r\n                <div class=\"inner-column\">\r\n                                        <!-- Sec Title -->\r\n                    <div class=\"sec-title\">\r\n                        <div class=\"title\">Our Vision<\/div>                        <h2>Innovation, Quality, and Trust for Every Project<\/h2>                        <div class=\"text\">Our vision is to establish ourselves as the leading roofing solutions company in Florida, recognized for the quality of our materials, innovation in our processes, and close relationship with our customers.\nWe want to be the first choice for those seeking a reliable, efficient, and aesthetically flawless roof, building long-term relationships based on trust and total satisfaction.<\/div>                    <\/div>\r\n                                        <div class=\"row clearfix\">\r\n                                                                    <\/div>\r\n                <\/div>\r\n            <\/div>                \r\n        <\/div>\r\n    <\/section> \r\n    \r\n\t\t\t\t\t<\/div>\n\t\t\t\t<\/div>\n\t\t\t\t\t<\/div>\n\t\t<\/div>\n\t\t\t\t\t<\/div>\n\t\t<\/section>\n\t\t\t\t<section class=\"elementor-section elementor-top-section elementor-element elementor-element-9497109 elementor-section-full_width elementor-section-height-default elementor-section-height-default\" data-id=\"9497109\" data-element_type=\"section\" data-e-type=\"section\">\n\t\t\t\t\t\t<div class=\"elementor-container elementor-column-gap-default\">\n\t\t\t\t\t<div class=\"elementor-column elementor-col-100 elementor-top-column elementor-element elementor-element-a745850\" data-id=\"a745850\" data-element_type=\"column\" data-e-type=\"column\">\n\t\t\t<div class=\"elementor-widget-wrap elementor-element-populated\">\n\t\t\t\t\t\t<div class=\"elementor-element elementor-element-346adcb elementor-widget elementor-widget-roonix_appointment_form\" data-id=\"346adcb\" data-element_type=\"widget\" data-e-type=\"widget\" data-widget_type=\"roonix_appointment_form.default\">\n\t\t\t\t<div class=\"elementor-widget-container\">\n\t\t\t\t\t    \r\n    <section class=\"booking-section\" style=\"background-image: url(https:\/\/solymarroofing.com\/wp-content\/uploads\/2022\/05\/9.png)\">\r\n        <div class=\"color-layer\" style=\"background-image: url(https:\/\/solymarroofing.com\/wp-content\/uploads\/2022\/05\/8.png)\"><\/div>        <div class=\"auto-container\">\r\n            <div class=\"inner-container wow fadeInUp\" data-wow-delay=\"0ms\" data-wow-duration=\"1500ms\">\r\n                                <!-- Sec Title -->\r\n                <div class=\"sec-title centered\">\r\n                    <div class=\"title\">BOOK APPOINTMENT<\/div>                    <h2>Request roof inspection<\/h2>                <\/div>\r\n                                \r\n\t\t\t\t                <!-- Default Form \/ Style Two -->\r\n                <div class=\"default-form style-two\">\r\n                \t\n<div class=\"wpcf7 no-js\" id=\"wpcf7-f144-o1\" lang=\"en-US\" dir=\"ltr\" data-wpcf7-id=\"144\">\n<div class=\"screen-reader-response\"><p role=\"status\" aria-live=\"polite\" aria-atomic=\"true\"><\/p> <ul><\/ul><\/div>\n<form action=\"\/en\/wp-json\/wp\/v2\/pages\/22#wpcf7-f144-o1\" method=\"post\" class=\"wpcf7-form init\" aria-label=\"Contact form\" novalidate=\"novalidate\" data-status=\"init\" data-trp-original-action=\"\/en\/wp-json\/wp\/v2\/pages\/22#wpcf7-f144-o1\">\n<fieldset class=\"hidden-fields-container\"><input type=\"hidden\" name=\"_wpcf7\" value=\"144\" \/><input type=\"hidden\" name=\"_wpcf7_version\" value=\"6.1.5\" \/><input type=\"hidden\" name=\"_wpcf7_locale\" value=\"en_US\" \/><input type=\"hidden\" name=\"_wpcf7_unit_tag\" value=\"wpcf7-f144-o1\" \/><input type=\"hidden\" name=\"_wpcf7_container_post\" value=\"0\" \/><input type=\"hidden\" name=\"_wpcf7_posted_data_hash\" value=\"\" \/>\n<\/fieldset>\n<div class=\"row clearfix\">\n\t<div class=\"col-lg-6 col-md-6 col-sm-12 form-group\">\n\t\t<p><span class=\"wpcf7-form-control-wrap\" data-name=\"text-311\"><input size=\"40\" maxlength=\"400\" class=\"wpcf7-form-control wpcf7-text wpcf7-validates-as-required\" aria-required=\"true\" aria-invalid=\"false\" placeholder=\"Enter your name\" value=\"\" type=\"text\" name=\"text-311\" \/><\/span>\n\t\t<\/p>\n\t<\/div>\n\t<div class=\"col-lg-6 col-md-6 col-sm-12 form-group\">\n\t\t<p><span class=\"wpcf7-form-control-wrap\" data-name=\"text-312\"><input size=\"40\" maxlength=\"400\" class=\"wpcf7-form-control wpcf7-text wpcf7-validates-as-required\" aria-required=\"true\" aria-invalid=\"false\" placeholder=\"Address\" value=\"\" type=\"text\" name=\"text-312\" \/><\/span>\n\t\t<\/p>\n\t<\/div>\n\t<div class=\"col-lg-6 col-md-6 col-sm-12 form-group\">\n\t\t<p><span class=\"wpcf7-form-control-wrap\" data-name=\"email-568\"><input size=\"40\" maxlength=\"400\" class=\"wpcf7-form-control wpcf7-email wpcf7-validates-as-required wpcf7-text wpcf7-validates-as-email\" aria-required=\"true\" aria-invalid=\"false\" placeholder=\"Email\" value=\"\" type=\"email\" name=\"email-568\" \/><\/span>\n\t\t<\/p>\n\t<\/div>\n\t<div class=\"col-lg-6 col-md-6 col-sm-12 form-group\">\n\t\t<p><span class=\"wpcf7-form-control-wrap\" data-name=\"tel-314\"><input size=\"40\" maxlength=\"10\" minlength=\"10\" class=\"wpcf7-form-control wpcf7-tel wpcf7-validates-as-required wpcf7-text wpcf7-validates-as-tel phone-field\" aria-required=\"true\" aria-invalid=\"false\" placeholder=\"Phone\" value=\"\" type=\"tel\" name=\"tel-314\" \/><\/span>\n\t\t<\/p>\n\t<\/div>\n\t<div class=\"col-lg-12 col-md-12 col-sm-12 form-group\">\n\t\t<p><span class=\"wpcf7-form-control-wrap\" data-name=\"textarea-908\"><textarea cols=\"40\" rows=\"10\" maxlength=\"2000\" class=\"wpcf7-form-control wpcf7-textarea wpcf7-validates-as-required\" aria-required=\"true\" aria-invalid=\"false\" placeholder=\"Write your message\" name=\"textarea-908\"><\/textarea><\/span>\n\t\t<\/p>\n\t<\/div>\n\t<div class=\"col-lg-12 col-md-12 col-sm-12 form-group\">\n\t\t<p><span class=\"wpcf7-form-control-wrap\" data-name=\"acceptance-457\"><span class=\"wpcf7-form-control wpcf7-acceptance\"><span class=\"wpcf7-list-item\"><label><input type=\"checkbox\" name=\"acceptance-457\" value=\"1\" aria-invalid=\"false\" \/><span class=\"wpcf7-list-item-label\">By submitting this form, you authorize <b>SolyMar Roofing LLC<\/b> to contact you by phone, email, or text message to provide you with information related to your project. \n    We will never share your personal information with third parties for marketing purposes. \n    See our <a href=\"\/en\/terminos-y-condiciones\/\" target=\"_blank\">Terms and Conditions<\/a> and <a href=\"\/en\/politica-de-privacidad\/\" target=\"_blank\">Privacy Policy<\/a>.<\/span><\/label><\/span><\/span><\/span>\n\t\t<\/p>\n\t<\/div>\n\t<div class=\"col-lg-12 col-md-12 col-sm-12 form-group text-center mb-0\">\n\t\t<p><input class=\"wpcf7-form-control wpcf7-submit has-spinner theme-btn btn-style-two\" type=\"submit\" value=\"SEND NOW\" \/>\n\t\t<\/p>\n\t<\/div>\n<\/div><div class=\"wpcf7-response-output\" aria-hidden=\"true\"><\/div>\n<input type=\"hidden\" name=\"trp-form-language\" value=\"en\"\/><\/form>\n<\/div>\n                <\/div>\r\n                <!-- End Default Form -->\r\n                            <\/div>\r\n        <\/div>\r\n    <\/section>\r\n \r\n    \t\t\t\t<\/div>\n\t\t\t\t<\/div>\n\t\t\t\t\t<\/div>\n\t\t<\/div>\n\t\t\t\t\t<\/div>\n\t\t<\/section>\n\t\t\t\t<section class=\"elementor-section elementor-top-section elementor-element elementor-element-854793b elementor-section-full_width elementor-section-height-default elementor-section-height-default\" data-id=\"854793b\" data-element_type=\"section\" data-e-type=\"section\">\n\t\t\t\t\t\t<div class=\"elementor-container elementor-column-gap-default\">\n\t\t\t\t\t<div class=\"elementor-column elementor-col-100 elementor-top-column elementor-element elementor-element-ff07202\" data-id=\"ff07202\" data-element_type=\"column\" data-e-type=\"column\">\n\t\t\t<div class=\"elementor-widget-wrap elementor-element-populated\">\n\t\t\t\t\t\t<div class=\"elementor-element elementor-element-0cc86ce elementor-widget elementor-widget-roonix_contact_info\" data-id=\"0cc86ce\" data-element_type=\"widget\" data-e-type=\"widget\" data-widget_type=\"roonix_contact_info.default\">\n\t\t\t\t<div class=\"elementor-widget-container\">\n\t\t\t\t\t    \r\n    <section class=\"contact-info-section-two\">\r\n        <div class=\"auto-container\">\r\n            <div class=\"row clearfix\">\r\n                                <!-- Info Block -->\r\n                <div class=\"info-block col-lg-4 col-md-6 col-sm-12\">\r\n                    <div class=\"inner-box\">\r\n                                                <div class=\"icon-outer\">\r\n                            <div class=\"icon flaticon-telephone\"><\/div>\r\n                        <\/div>\r\n                                                <h4>Telephone number<\/h4>                        <div class=\"text\"><a href=\"tel:+1813-330-7668\">813-330-7668<\/a><br>\n\n(Spanish spoken as well)\n<\/div>                    <\/div>\r\n                <\/div>\r\n                                <!-- Info Block -->\r\n                <div class=\"info-block col-lg-4 col-md-6 col-sm-12\">\r\n                    <div class=\"inner-box\">\r\n                                                <div class=\"icon-outer\">\r\n                            <div class=\"icon flaticon-email-1\"><\/div>\r\n                        <\/div>\r\n                                                <h4>Email<\/h4>                        <div class=\"text\"><a href=\"mailto:solymarroofingllc@gmail.com\">solymarroofingllc@gmail.com<\/a><br>\n<\/div>                    <\/div>\r\n                <\/div>\r\n                                <!-- Info Block -->\r\n                <div class=\"info-block col-lg-4 col-md-6 col-sm-12\">\r\n                    <div class=\"inner-box\">\r\n                                                <div class=\"icon-outer\">\r\n                            <div class=\"icon flaticon-map\"><\/div>\r\n                        <\/div>\r\n                                                <h4>Address<\/h4>                        <div class=\"text\">8009 Menard St Riverview<br> fl 33578<\/div>                    <\/div>\r\n                <\/div>\r\n                            <\/div>\r\n            <!-- Form Box -->\r\n            <div class=\"form-box\">\r\n                                <!-- Contact Form -->\r\n                <div class=\"contact-form\">\r\n                    <div id=\"contact-form\">\r\n                                            <\/div>\r\n                <\/div>\r\n                <!-- End Contact Form -->\r\n            <\/div>\r\n        <\/div>\r\n\t<\/section>\r\n \r\n    \t\t\t\t<\/div>\n\t\t\t\t<\/div>\n\t\t\t\t\t<\/div>\n\t\t<\/div>\n\t\t\t\t\t<\/div>\n\t\t<\/section>\n\t\t\t\t<\/div>","protected":false},"excerpt":{"rendered":"<p>Satifechos SOBRE LA EMPRESA Expertos en Techos En SolyMar Roofing LLC creemos que un techo no solo protege una propiedad, sino tambi\u00e9n todo lo que m\u00e1s valoras dentro de ella. Somos una compa\u00f1\u00eda de techado orgullosamente establecida en Florida y manejada como un negocio familiar, dedicada a ofrecer soluciones de alta calidad que resisten el [&hellip;]<\/p>\n","protected":false},"author":1,"featured_media":0,"parent":0,"menu_order":0,"comment_status":"closed","ping_status":"closed","template":"tpl-default-elementor.php","meta":{"footnotes":""},"class_list":["post-22","page","type-page","status-publish","hentry"],"_links":{"self":[{"href":"https:\/\/solymarroofing.com\/en\/wp-json\/wp\/v2\/pages\/22","targetHints":{"allow":["GET"]}}],"collection":[{"href":"https:\/\/solymarroofing.com\/en\/wp-json\/wp\/v2\/pages"}],"about":[{"href":"https:\/\/solymarroofing.com\/en\/wp-json\/wp\/v2\/types\/page"}],"author":[{"embeddable":true,"href":"https:\/\/solymarroofing.com\/en\/wp-json\/wp\/v2\/users\/1"}],"replies":[{"embeddable":true,"href":"https:\/\/solymarroofing.com\/en\/wp-json\/wp\/v2\/comments?post=22"}],"version-history":[{"count":35,"href":"https:\/\/solymarroofing.com\/en\/wp-json\/wp\/v2\/pages\/22\/revisions"}],"predecessor-version":[{"id":2017,"href":"https:\/\/solymarroofing.com\/en\/wp-json\/wp\/v2\/pages\/22\/revisions\/2017"}],"wp:attachment":[{"href":"https:\/\/solymarroofing.com\/en\/wp-json\/wp\/v2\/media?parent=22"}],"curies":[{"name":"wp","href":"https:\/\/api.w.org\/{rel}","templated":true}]}}