{"id":41,"date":"2022-05-30T11:47:18","date_gmt":"2022-05-30T11:47:18","guid":{"rendered":"https:\/\/themexriver.com\/wp\/roonix\/?page_id=41"},"modified":"2025-09-26T18:39:04","modified_gmt":"2025-09-26T18:39:04","slug":"roofing-layers","status":"publish","type":"page","link":"https:\/\/solymarroofing.com\/en\/roofing-layers\/","title":{"rendered":"Roof Replacement"},"content":{"rendered":"<div data-elementor-type=\"wp-page\" data-elementor-id=\"41\" class=\"elementor elementor-41\">\n\t\t\t\t\t\t<section class=\"elementor-section elementor-top-section elementor-element elementor-element-c84b1ab elementor-section-full_width elementor-section-height-default elementor-section-height-default\" data-id=\"c84b1ab\" data-element_type=\"section\" data-e-type=\"section\">\n\t\t\t\t\t\t<div class=\"elementor-container elementor-column-gap-default\">\n\t\t\t\t\t<div class=\"elementor-column elementor-col-100 elementor-top-column elementor-element elementor-element-a902be0\" data-id=\"a902be0\" data-element_type=\"column\" data-e-type=\"column\">\n\t\t\t<div class=\"elementor-widget-wrap elementor-element-populated\">\n\t\t\t\t\t\t<div class=\"elementor-element elementor-element-3520e0e elementor-widget elementor-widget-roonix_service_details\" data-id=\"3520e0e\" data-element_type=\"widget\" data-e-type=\"widget\" data-widget_type=\"roonix_service_details.default\">\n\t\t\t\t<div class=\"elementor-widget-container\">\n\t\t\t\t\t    \r\n    <section class=\"service-detail-section\">\r\n        <div class=\"auto-container\">\r\n                        <div class=\"image\">\r\n                <img decoding=\"async\" src=\"https:\/\/solymarroofing.com\/wp-content\/uploads\/2025\/09\/Shingles.jpg\" alt=\"Awesome Image\" \/>\r\n            <\/div>\r\n                        <div class=\"lower-content\">\r\n                <h3>Roof Replacement (Re-Roof)<\/h3>                At <b>SolyMar Roofing LLC<\/b> we offer professional services in <b>roof replacement<\/b> with the highest quality materials, providing safety, durability, and an impeccable finish for your home or business.\n<br>\n<br>\n<b>Material options:<\/b>\n<ul>\n  <li>- Shingles (Asphalt): Classic, economical, and durable.<\/li>\n  <li>- Metal Roofing: Maximum durability, energy efficiency, and storm resistance.<\/li>\n  <li>- TPO Roofing: Ideal for commercial roofs, waterproof and energy efficient.<\/li>\n  <li>- Flat Roofs: Modern and safe solutions for homes and businesses.<\/li>\n<\/ul>\n\n<\/br>\n<b>Benefits:<\/b>\n<ul>\n\n  <li>- Fast, professional installation with warranty.<\/li>\n  <li>- Top-quality materials.<\/li>\n  <li>- Attention in English and Spanish.<\/li>\n  <li>- Free quote with no obligation.<\/li>\n<\/ul>\n<\/br>\n<b>\ud83d\udcde Call us today at 813-330-7668<\/b>\n                                                \r\n\t\t\t\t                \r\n                                <div class=\"row clearfix\">\r\n                                        <!-- Brochure Column -->\r\n                    <div class=\"brochure-column col-lg-6 col-md-12 col-sm-12\">\r\n                        <div class=\"column-inner wow fadeInLeft\" data-wow-delay=\"0ms\" data-wow-duration=\"1500ms\">\r\n                            <div class=\"content\">\r\n                                                                                                                                \r\n\t\t\t\t\t\t\t\t                                \r\n                            <\/div>\r\n                        <\/div>\r\n                    <\/div>\r\n                                    <\/div>\r\n            <\/div>\r\n        <\/div>\r\n    <\/section>\r\n \r\n    \t\t\t\t<\/div>\n\t\t\t\t<\/div>\n\t\t\t\t\t<\/div>\n\t\t<\/div>\n\t\t\t\t\t<\/div>\n\t\t<\/section>\n\t\t\t\t<section class=\"elementor-section elementor-top-section elementor-element elementor-element-f967d83 elementor-section-full_width elementor-section-height-default elementor-section-height-default\" data-id=\"f967d83\" data-element_type=\"section\" data-e-type=\"section\">\n\t\t\t\t\t\t<div class=\"elementor-container elementor-column-gap-default\">\n\t\t\t\t\t<div class=\"elementor-column elementor-col-100 elementor-top-column elementor-element elementor-element-7a31e75\" data-id=\"7a31e75\" data-element_type=\"column\" data-e-type=\"column\">\n\t\t\t<div class=\"elementor-widget-wrap elementor-element-populated\">\n\t\t\t\t\t\t<div class=\"elementor-element elementor-element-0e0c4b1 elementor-widget elementor-widget-roonix_appointment_form\" data-id=\"0e0c4b1\" data-element_type=\"widget\" data-e-type=\"widget\" data-widget_type=\"roonix_appointment_form.default\">\n\t\t\t\t<div class=\"elementor-widget-container\">\n\t\t\t\t\t    \r\n    <section class=\"booking-section\" style=\"background-image: url(https:\/\/solymarroofing.com\/wp-content\/uploads\/2022\/05\/9.png)\">\r\n        <div class=\"color-layer\" style=\"background-image: url(https:\/\/solymarroofing.com\/wp-content\/uploads\/2022\/05\/8.png)\"><\/div>        <div class=\"auto-container\">\r\n            <div class=\"inner-container wow fadeInUp\" data-wow-delay=\"0ms\" data-wow-duration=\"1500ms\">\r\n                                <!-- Sec Title -->\r\n                <div class=\"sec-title centered\">\r\n                    <div class=\"title\">BOOK APPOINTMENT<\/div>                    <h2>Request roof inspection<\/h2>                <\/div>\r\n                                \r\n\t\t\t\t                <!-- Default Form \/ Style Two -->\r\n                <div class=\"default-form style-two\">\r\n                \t\n<div class=\"wpcf7 no-js\" id=\"wpcf7-f144-o1\" lang=\"en-US\" dir=\"ltr\" data-wpcf7-id=\"144\">\n<div class=\"screen-reader-response\"><p role=\"status\" aria-live=\"polite\" aria-atomic=\"true\"><\/p> <ul><\/ul><\/div>\n<form action=\"\/en\/wp-json\/wp\/v2\/pages\/41#wpcf7-f144-o1\" method=\"post\" class=\"wpcf7-form init\" aria-label=\"Contact form\" novalidate=\"novalidate\" data-status=\"init\" data-trp-original-action=\"\/en\/wp-json\/wp\/v2\/pages\/41#wpcf7-f144-o1\">\n<fieldset class=\"hidden-fields-container\"><input type=\"hidden\" name=\"_wpcf7\" value=\"144\" \/><input type=\"hidden\" name=\"_wpcf7_version\" value=\"6.1.5\" \/><input type=\"hidden\" name=\"_wpcf7_locale\" value=\"en_US\" \/><input type=\"hidden\" name=\"_wpcf7_unit_tag\" value=\"wpcf7-f144-o1\" \/><input type=\"hidden\" name=\"_wpcf7_container_post\" value=\"0\" \/><input type=\"hidden\" name=\"_wpcf7_posted_data_hash\" value=\"\" \/>\n<\/fieldset>\n<div class=\"row clearfix\">\n\t<div class=\"col-lg-6 col-md-6 col-sm-12 form-group\">\n\t\t<p><span class=\"wpcf7-form-control-wrap\" data-name=\"text-311\"><input size=\"40\" maxlength=\"400\" class=\"wpcf7-form-control wpcf7-text wpcf7-validates-as-required\" aria-required=\"true\" aria-invalid=\"false\" placeholder=\"Enter your name\" value=\"\" type=\"text\" name=\"text-311\" \/><\/span>\n\t\t<\/p>\n\t<\/div>\n\t<div class=\"col-lg-6 col-md-6 col-sm-12 form-group\">\n\t\t<p><span class=\"wpcf7-form-control-wrap\" data-name=\"text-312\"><input size=\"40\" maxlength=\"400\" class=\"wpcf7-form-control wpcf7-text wpcf7-validates-as-required\" aria-required=\"true\" aria-invalid=\"false\" placeholder=\"Address\" value=\"\" type=\"text\" name=\"text-312\" \/><\/span>\n\t\t<\/p>\n\t<\/div>\n\t<div class=\"col-lg-6 col-md-6 col-sm-12 form-group\">\n\t\t<p><span class=\"wpcf7-form-control-wrap\" data-name=\"email-568\"><input size=\"40\" maxlength=\"400\" class=\"wpcf7-form-control wpcf7-email wpcf7-validates-as-required wpcf7-text wpcf7-validates-as-email\" aria-required=\"true\" aria-invalid=\"false\" placeholder=\"Email\" value=\"\" type=\"email\" name=\"email-568\" \/><\/span>\n\t\t<\/p>\n\t<\/div>\n\t<div class=\"col-lg-6 col-md-6 col-sm-12 form-group\">\n\t\t<p><span class=\"wpcf7-form-control-wrap\" data-name=\"tel-314\"><input size=\"40\" maxlength=\"10\" minlength=\"10\" class=\"wpcf7-form-control wpcf7-tel wpcf7-validates-as-required wpcf7-text wpcf7-validates-as-tel phone-field\" aria-required=\"true\" aria-invalid=\"false\" placeholder=\"Phone\" value=\"\" type=\"tel\" name=\"tel-314\" \/><\/span>\n\t\t<\/p>\n\t<\/div>\n\t<div class=\"col-lg-12 col-md-12 col-sm-12 form-group\">\n\t\t<p><span class=\"wpcf7-form-control-wrap\" data-name=\"textarea-908\"><textarea cols=\"40\" rows=\"10\" maxlength=\"2000\" class=\"wpcf7-form-control wpcf7-textarea wpcf7-validates-as-required\" aria-required=\"true\" aria-invalid=\"false\" placeholder=\"Write your message\" name=\"textarea-908\"><\/textarea><\/span>\n\t\t<\/p>\n\t<\/div>\n\t<div class=\"col-lg-12 col-md-12 col-sm-12 form-group\">\n\t\t<p><span class=\"wpcf7-form-control-wrap\" data-name=\"acceptance-457\"><span class=\"wpcf7-form-control wpcf7-acceptance\"><span class=\"wpcf7-list-item\"><label><input type=\"checkbox\" name=\"acceptance-457\" value=\"1\" aria-invalid=\"false\" \/><span class=\"wpcf7-list-item-label\">By submitting this form, you authorize <b>SolyMar Roofing LLC<\/b> to contact you by phone, email, or text message to provide you with information related to your project. \n    We will never share your personal information with third parties for marketing purposes. \n    See our <a href=\"\/en\/terminos-y-condiciones\/\" target=\"_blank\">Terms and Conditions<\/a> and <a href=\"\/en\/politica-de-privacidad\/\" target=\"_blank\">Privacy Policy<\/a>.<\/span><\/label><\/span><\/span><\/span>\n\t\t<\/p>\n\t<\/div>\n\t<div class=\"col-lg-12 col-md-12 col-sm-12 form-group text-center mb-0\">\n\t\t<p><input class=\"wpcf7-form-control wpcf7-submit has-spinner theme-btn btn-style-two\" type=\"submit\" value=\"SEND NOW\" \/>\n\t\t<\/p>\n\t<\/div>\n<\/div><div class=\"wpcf7-response-output\" aria-hidden=\"true\"><\/div>\n<input type=\"hidden\" name=\"trp-form-language\" value=\"en\"\/><\/form>\n<\/div>\n                <\/div>\r\n                <!-- End Default Form -->\r\n                            <\/div>\r\n        <\/div>\r\n    <\/section>\r\n \r\n    \t\t\t\t<\/div>\n\t\t\t\t<\/div>\n\t\t\t\t\t<\/div>\n\t\t<\/div>\n\t\t\t\t\t<\/div>\n\t\t<\/section>\n\t\t\t\t<section class=\"elementor-section elementor-top-section elementor-element elementor-element-ff3a8a8 elementor-section-full_width elementor-section-height-default elementor-section-height-default\" data-id=\"ff3a8a8\" data-element_type=\"section\" data-e-type=\"section\">\n\t\t\t\t\t\t<div class=\"elementor-container elementor-column-gap-default\">\n\t\t\t\t\t<div class=\"elementor-column elementor-col-100 elementor-top-column elementor-element elementor-element-a9cc46b\" data-id=\"a9cc46b\" data-element_type=\"column\" data-e-type=\"column\">\n\t\t\t<div class=\"elementor-widget-wrap elementor-element-populated\">\n\t\t\t\t\t\t<div class=\"elementor-element elementor-element-6ae4707 elementor-widget elementor-widget-roonix_contact_info\" data-id=\"6ae4707\" data-element_type=\"widget\" data-e-type=\"widget\" data-widget_type=\"roonix_contact_info.default\">\n\t\t\t\t<div class=\"elementor-widget-container\">\n\t\t\t\t\t    \r\n    <section class=\"contact-info-section-two\">\r\n        <div class=\"auto-container\">\r\n            <div class=\"row clearfix\">\r\n                                <!-- Info Block -->\r\n                <div class=\"info-block col-lg-4 col-md-6 col-sm-12\">\r\n                    <div class=\"inner-box\">\r\n                                                <div class=\"icon-outer\">\r\n                            <div class=\"icon flaticon-telephone\"><\/div>\r\n                        <\/div>\r\n                                                <h4>Telephone number<\/h4>                        <div class=\"text\"><a href=\"tel:+1813-330-7668\">813-330-7668<\/a><br>\n\n(Spanish spoken as well)\n<\/div>                    <\/div>\r\n                <\/div>\r\n                                <!-- Info Block -->\r\n                <div class=\"info-block col-lg-4 col-md-6 col-sm-12\">\r\n                    <div class=\"inner-box\">\r\n                                                <div class=\"icon-outer\">\r\n                            <div class=\"icon flaticon-email-1\"><\/div>\r\n                        <\/div>\r\n                                                <h4>Email<\/h4>                        <div class=\"text\"><a href=\"mailto:solymarroofingllc@gmail.com\">solymarroofingllc@gmail.com<\/a><br>\n<\/div>                    <\/div>\r\n                <\/div>\r\n                                <!-- Info Block -->\r\n                <div class=\"info-block col-lg-4 col-md-6 col-sm-12\">\r\n                    <div class=\"inner-box\">\r\n                                                <div class=\"icon-outer\">\r\n                            <div class=\"icon flaticon-map\"><\/div>\r\n                        <\/div>\r\n                                                <h4>Address<\/h4>                        <div class=\"text\">8009 Menard St Riverview<br> fl 33578<\/div>                    <\/div>\r\n                <\/div>\r\n                            <\/div>\r\n            <!-- Form Box -->\r\n            <div class=\"form-box\">\r\n                                <!-- Contact Form -->\r\n                <div class=\"contact-form\">\r\n                    <div id=\"contact-form\">\r\n                                            <\/div>\r\n                <\/div>\r\n                <!-- End Contact Form -->\r\n            <\/div>\r\n        <\/div>\r\n\t<\/section>\r\n \r\n    \t\t\t\t<\/div>\n\t\t\t\t<\/div>\n\t\t\t\t\t<\/div>\n\t\t<\/div>\n\t\t\t\t\t<\/div>\n\t\t<\/section>\n\t\t\t\t<\/div>","protected":false},"excerpt":{"rendered":"<p>Reemplazo de Techo (Re-Roof) En SolyMar Roofing LLC ofrecemos servicios profesionales de reemplazo de techos con materiales de la m\u00e1s alta calidad, brindando seguridad, durabilidad y un acabado impecable para tu hogar o negocio. Opciones de materiales: &#8211; Shingles (Asf\u00e1lticos): Cl\u00e1sicos, econ\u00f3micos y resistentes. &#8211; Metal Roofing:M\u00e1xima durabilidad, eficiencia energ\u00e9tica y resistencia a tormentas. &#8211; [&hellip;]<\/p>\n","protected":false},"author":1,"featured_media":0,"parent":0,"menu_order":0,"comment_status":"closed","ping_status":"closed","template":"tpl-default-elementor.php","meta":{"footnotes":""},"class_list":["post-41","page","type-page","status-publish","hentry"],"_links":{"self":[{"href":"https:\/\/solymarroofing.com\/en\/wp-json\/wp\/v2\/pages\/41","targetHints":{"allow":["GET"]}}],"collection":[{"href":"https:\/\/solymarroofing.com\/en\/wp-json\/wp\/v2\/pages"}],"about":[{"href":"https:\/\/solymarroofing.com\/en\/wp-json\/wp\/v2\/types\/page"}],"author":[{"embeddable":true,"href":"https:\/\/solymarroofing.com\/en\/wp-json\/wp\/v2\/users\/1"}],"replies":[{"embeddable":true,"href":"https:\/\/solymarroofing.com\/en\/wp-json\/wp\/v2\/comments?post=41"}],"version-history":[{"count":20,"href":"https:\/\/solymarroofing.com\/en\/wp-json\/wp\/v2\/pages\/41\/revisions"}],"predecessor-version":[{"id":1969,"href":"https:\/\/solymarroofing.com\/en\/wp-json\/wp\/v2\/pages\/41\/revisions\/1969"}],"wp:attachment":[{"href":"https:\/\/solymarroofing.com\/en\/wp-json\/wp\/v2\/media?parent=41"}],"curies":[{"name":"wp","href":"https:\/\/api.w.org\/{rel}","templated":true}]}}